{"id":3102,"date":"2021-12-18T12:43:00","date_gmt":"2021-12-18T09:43:00","guid":{"rendered":"https:\/\/www.ambassadorhotels.com\/ambassadorhotel\/"},"modified":"2024-12-09T10:12:45","modified_gmt":"2024-12-09T07:12:45","slug":"ambassadorhotel","status":"publish","type":"page","link":"https:\/\/www.ambassadorhotels.com\/de\/ambassadorhotel\/","title":{"rendered":"Ambassador Hotel Kemer"},"content":{"rendered":"\t\t<div data-elementor-type=\"wp-page\" data-elementor-id=\"3102\" class=\"elementor elementor-3102\" data-elementor-post-type=\"page\">\n\t\t\t\t<div class=\"elementor-element elementor-element-fcd33cf e-flex e-con-boxed e-con e-parent\" data-id=\"fcd33cf\" data-element_type=\"container\" data-settings=\"{&quot;_ha_eqh_enable&quot;:false}\">\n\t\t\t\t\t<div class=\"e-con-inner\">\n\t\t<div class=\"elementor-element elementor-element-7349757 e-con-full e-flex e-con e-child\" data-id=\"7349757\" data-element_type=\"container\" data-settings=\"{&quot;_ha_eqh_enable&quot;:false}\">\n\t\t\t\t<div class=\"elementor-element elementor-element-9a18f4d elementor-widget elementor-widget-image\" data-id=\"9a18f4d\" data-element_type=\"widget\" data-widget_type=\"image.default\">\n\t\t\t\t<div class=\"elementor-widget-container\">\n\t\t\t\t\t\t\t\t\t\t\t\t\t<img fetchpriority=\"high\" decoding=\"async\" width=\"1024\" height=\"680\" src=\"https:\/\/www.ambassadorhotels.com\/wp-content\/uploads\/2024\/11\/ambassador_hotels_general_67-1024x680.jpg\" class=\"attachment-large size-large wp-image-2740\" alt=\"\" srcset=\"https:\/\/www.ambassadorhotels.com\/wp-content\/uploads\/2024\/11\/ambassador_hotels_general_67-1024x680.jpg 1024w, https:\/\/www.ambassadorhotels.com\/wp-content\/uploads\/2024\/11\/ambassador_hotels_general_67-300x199.jpg 300w, https:\/\/www.ambassadorhotels.com\/wp-content\/uploads\/2024\/11\/ambassador_hotels_general_67-768x510.jpg 768w, https:\/\/www.ambassadorhotels.com\/wp-content\/uploads\/2024\/11\/ambassador_hotels_general_67.jpg 1200w\" sizes=\"(max-width: 1024px) 100vw, 1024px\" \/>\t\t\t\t\t\t\t\t\t\t\t\t\t<\/div>\n\t\t\t\t<\/div>\n\t\t\t\t<div class=\"elementor-element elementor-element-725ec6f elementor-widget elementor-widget-image\" data-id=\"725ec6f\" data-element_type=\"widget\" data-widget_type=\"image.default\">\n\t\t\t\t<div class=\"elementor-widget-container\">\n\t\t\t\t\t\t\t\t\t\t\t\t\t<img decoding=\"async\" width=\"1024\" height=\"602\" src=\"https:\/\/www.ambassadorhotels.com\/wp-content\/uploads\/2024\/11\/ambassador_hotels_general_56-1024x602.jpg\" class=\"attachment-large size-large wp-image-2729\" alt=\"\" srcset=\"https:\/\/www.ambassadorhotels.com\/wp-content\/uploads\/2024\/11\/ambassador_hotels_general_56-1024x602.jpg 1024w, https:\/\/www.ambassadorhotels.com\/wp-content\/uploads\/2024\/11\/ambassador_hotels_general_56-300x176.jpg 300w, https:\/\/www.ambassadorhotels.com\/wp-content\/uploads\/2024\/11\/ambassador_hotels_general_56-768x451.jpg 768w, https:\/\/www.ambassadorhotels.com\/wp-content\/uploads\/2024\/11\/ambassador_hotels_general_56.jpg 1200w\" sizes=\"(max-width: 1024px) 100vw, 1024px\" \/>\t\t\t\t\t\t\t\t\t\t\t\t\t<\/div>\n\t\t\t\t<\/div>\n\t\t\t\t<div class=\"elementor-element elementor-element-1316e17 elementor-widget elementor-widget-image\" data-id=\"1316e17\" data-element_type=\"widget\" data-widget_type=\"image.default\">\n\t\t\t\t<div class=\"elementor-widget-container\">\n\t\t\t\t\t\t\t\t\t\t\t\t\t<img decoding=\"async\" width=\"1024\" height=\"570\" src=\"https:\/\/www.ambassadorhotels.com\/wp-content\/uploads\/2024\/11\/ambassador_hotels_general_41-1024x570.jpg\" class=\"attachment-large size-large wp-image-2716\" alt=\"\" srcset=\"https:\/\/www.ambassadorhotels.com\/wp-content\/uploads\/2024\/11\/ambassador_hotels_general_41-1024x570.jpg 1024w, https:\/\/www.ambassadorhotels.com\/wp-content\/uploads\/2024\/11\/ambassador_hotels_general_41-300x167.jpg 300w, https:\/\/www.ambassadorhotels.com\/wp-content\/uploads\/2024\/11\/ambassador_hotels_general_41-768x428.jpg 768w, https:\/\/www.ambassadorhotels.com\/wp-content\/uploads\/2024\/11\/ambassador_hotels_general_41.jpg 1200w\" sizes=\"(max-width: 1024px) 100vw, 1024px\" \/>\t\t\t\t\t\t\t\t\t\t\t\t\t<\/div>\n\t\t\t\t<\/div>\n\t\t\t\t<\/div>\n\t\t<div class=\"elementor-element elementor-element-a28ebc5 e-con-full e-flex e-con e-child\" data-id=\"a28ebc5\" data-element_type=\"container\" data-settings=\"{&quot;_ha_eqh_enable&quot;:false}\">\n\t\t\t\t<div class=\"elementor-element elementor-element-16b1508 elementor-widget elementor-widget-text-editor\" data-id=\"16b1508\" data-element_type=\"widget\" data-widget_type=\"text-editor.default\">\n\t\t\t\t<div class=\"elementor-widget-container\">\n\t\t\t\t\t\t\t<h3>WIR SIND ANDERS\u2026 SIE SIND BESONDERS!<\/h3>\n<div>\n<p>Die im Zentrum von Kemer gelegenen Ambassador Group Hotels laden Sie mit ihren \u00e4u\u00dferst luxuri\u00f6sen, sorgf\u00e4ltig eingerichteten und ger\u00e4umigen Zimmern, k\u00f6stlichem Essen, hochwertigem Service, gepflegten G\u00e4rten voller bunter Blumen und einem mit der Blauen Flagge ausgezeichneten Privatstrand in der N\u00e4he zu einem magischen Urlaub ein Meer, eine ruhige Boutique-Hotelkette und freundliches Personal.<\/p>\n<p>Die Ambassador Hotels liegen nur wenige Gehminuten von weltber\u00fchmten Diskotheken, Nachtclubs, Bars und Caf\u00e9s mit Live-Musik, Karaoke-Bars und Einkaufszentren in Kemer entfernt.<\/p>\n<p>Dar\u00fcber hinaus liegt Kemer im Zentrum vieler historischer und historischer St\u00e4tten.<\/p>\n<p>Im wohltuenden Spa-Center k\u00f6nnen Sie von T\u00fcrkischem Bad, Sauna, Dampfbad, Hydrotherapie-Anwendungen und verschiedenen Massagen profitieren.<\/p>\n<p>Unsere Einrichtungen sind hervorragend und verf\u00fcgen \u00fcber 2 Swimmingpools f\u00fcr Kinder und Erwachsene, Restaurants, Bars, Snackbar, Poolbar, Terrassenbar, Fitness- und Gesundheitszentrum (Arzt und Krankenschwester), chemische Reinigung und Reinigungsservice, Tagungs- und Spielzimmer, Fernsehraum und vieles mehr Privatstrand. Es gibt einen Markt.<\/p>\n<p>Es ist 40-50 m vom Meer entfernt.<\/p>\n<p>Unser Hotel, bei dem die Zufriedenheit der G\u00e4ste, die Umwelt, die Qualit\u00e4t sowie die Lebensmittelsicherheit und -hygiene an erster Stelle stehen, wurde mit zahlreichen Preisen ausgezeichnet.<br \/>Zus\u00e4tzlich zu all seinen Dokumenten verf\u00fcgt er auch \u00fcber ein \u201eGREEN STAR HOTEL-ZERTIFIKAT\u201c.<\/p>\n<p>Standort<br \/>Ambassador Hotels ist 45 Minuten vom Flughafen entfernt.<\/p>\n<\/div>\t\t\t\t\t\t<\/div>\n\t\t\t\t<\/div>\n\t\t\t\t<\/div>\n\t\t\t\t\t<\/div>\n\t\t\t\t<\/div>\n\t\t\t\t<\/div>\n\t\t","protected":false},"excerpt":{"rendered":"WIR SIND ANDERS\u2026 SIE SIND BESONDERS! Die im Zentrum von Kemer gelegenen Ambassador Group Hotels laden Sie mit ihren \u00e4u\u00dferst luxuri\u00f6sen, sorgf\u00e4ltig eingerichteten und ger\u00e4umigen Zimmern, k\u00f6stlichem Essen, hochwertigem Service, gepflegten G\u00e4rten voller bunter Blumen und einem mit der Blauen Flagge ausgezeichneten Privatstrand in der N\u00e4he zu einem magischen Urlaub ein Meer, eine ruhige Boutique-Hotelkette ","protected":false},"author":1,"featured_media":0,"parent":0,"menu_order":0,"comment_status":"closed","ping_status":"closed","template":"elementor_header_footer","meta":{"footnotes":""},"class_list":["post-3102","page","type-page","status-publish","hentry"],"_links":{"self":[{"href":"https:\/\/www.ambassadorhotels.com\/de\/wp-json\/wp\/v2\/pages\/3102","targetHints":{"allow":["GET"]}}],"collection":[{"href":"https:\/\/www.ambassadorhotels.com\/de\/wp-json\/wp\/v2\/pages"}],"about":[{"href":"https:\/\/www.ambassadorhotels.com\/de\/wp-json\/wp\/v2\/types\/page"}],"author":[{"embeddable":true,"href":"https:\/\/www.ambassadorhotels.com\/de\/wp-json\/wp\/v2\/users\/1"}],"replies":[{"embeddable":true,"href":"https:\/\/www.ambassadorhotels.com\/de\/wp-json\/wp\/v2\/comments?post=3102"}],"version-history":[{"count":3,"href":"https:\/\/www.ambassadorhotels.com\/de\/wp-json\/wp\/v2\/pages\/3102\/revisions"}],"predecessor-version":[{"id":3165,"href":"https:\/\/www.ambassadorhotels.com\/de\/wp-json\/wp\/v2\/pages\/3102\/revisions\/3165"}],"wp:attachment":[{"href":"https:\/\/www.ambassadorhotels.com\/de\/wp-json\/wp\/v2\/media?parent=3102"}],"curies":[{"name":"wp","href":"https:\/\/api.w.org\/{rel}","templated":true}]}}